{"id":46,"date":"2023-03-07T15:09:39","date_gmt":"2023-03-07T15:09:39","guid":{"rendered":"https:\/\/ernstvolland.de\/?page_id=46"},"modified":"2023-03-07T15:11:45","modified_gmt":"2023-03-07T15:11:45","slug":"der-kuenstler-ernst-volland","status":"publish","type":"page","link":"https:\/\/ernstvolland.de\/","title":{"rendered":"Der Schmuggler"},"content":{"rendered":"\n<p>VER\u00d6FFENTLICHT AM <a href=\"https:\/\/ernstvolland.de\/?p=14&amp;customize_changeset_uuid=e5c9716d-702a-46bc-8218-6dacde563b28&amp;customize_autosaved=on&amp;customize_messenger_channel=preview-1\">7. M\u00e4rz  2023<\/a><\/p>\n\n\n\n<h2 class=\"wp-block-heading\"><a href=\"https:\/\/ernstvolland.de\/?p=14&amp;customize_changeset_uuid=e5c9716d-702a-46bc-8218-6dacde563b28&amp;customize_autosaved=on&amp;customize_messenger_channel=preview-1\"><\/a><a href=\"https:\/\/ernstvolland.de\/?p=14&amp;customize_changeset_uuid=e5c9716d-702a-46bc-8218-6dacde563b28&amp;customize_autosaved=on&amp;customize_messenger_channel=preview-1\">Der K\u00fcnstler Ernst Volland<\/a><\/h2>\n\n\n\n<p>Ernst Vollands Bilder sind das Werk eines Schmugglers. Das ist ein Ehrentitel. Schmuggler schaffen verbotene Waren \u00fcber Grenzen, und seit dem 19. Jahrhundert kennen wir intellektuelle Schmuggler, die Zeichen und Ideen zwischen kulturellen Welten bewegen. Vollands Bilder setzen die Grenzverletzungen fort. Offen parteiische Kunst f\u00e4llt heute der Banalit\u00e4t anheim, und die politische Plakatkunst, zu der Volland selbst vor Jahren gewichtige Beitr\u00e4ge gemacht hat, ist heute nur noch eine kraftlose Geste. Um Kunst mit politischem Engagement dennoch zu erhalten, benutzt er die Unsch\u00e4rfe als Tarnung und \u00fcberschreitet die Grenzen zwischen den Gattungen, zwischen Engagement und Distanz, politischer Botschaft und purem Jux. Seine Bilder bewegen sich zwischen politischer Montage und Experiment und gleiten aus dem Dokumentarischen ins Spiel der Imagination. Mit Unsch\u00e4rfe schmuggelt er Politik \u00fcber die Grenze zur Kunst, und mit den Kindermitteln der Buntstifte versteckt und verfremdet er politische Themen.<\/p>\n\n\n\n<p>Prof. Dr. Bernd H\u00fcppauf<\/p>\n\n\n\n<h1 class=\"wp-block-heading\">The artist Ernst Volland<\/h1>\n\n\n\n<p>Ernst Volland\u2019s images are the work of a smuggler. This is a name for an honorable man who does not commit fraud and burglary but skillfully acts as a contrabandist transporting goods over boundaries against prohibition. From the 19thcentury on, we know smugglers who transport signs and ideas between different worlds, from art to photography, from images to words, and from language to imagined pictures. Volland\u2019s pictures are extensions of the activities of 19thcentury<em>contrabandista&nbsp;<\/em>with visual means of the present. With the smuggling of prohibited goods they have in common the transgression of boundaries and the intentional breaking of rules.<\/p>\n\n\n\n<p>Art with a political message has become unpopular and has lost its place in current public discourse. In order to maintain political commitment in the arts, camouflage is required and ways are needed that hide the political, making it possible at the same time to spread its message. Volland\u2019s contra band hides ideas in distorted visuality. He transforms the fuzzy image to a means of subversive communication transgressing the dividing lines that separate the comical and the serious, commitment and distance, political message and pure joke. These image move between montage that since Eisenstein, H\u00f6ch and Heartfield has always political, and the surrealist experiment reaching to the subconscious and the world of dreams. These pictures glide from documenting into the play of imagination. Blurring pictures serves as an artistic means of smuggling the political into the aesthetics of art. Volland also uses children\u2019s color crayons to draw pictures that hide political themes in pseudo child art. This is a deliberate alienation aiming at enlightening adult viewers.<\/p>\n\n\n\n<p>Prof. Dr. Bernd H\u00fcppauf<\/p>\n","protected":false},"excerpt":{"rendered":"<p>VER\u00d6FFENTLICHT AM 7. M\u00e4rz 2023 Der K\u00fcnstler Ernst Volland Ernst Vollands Bilder sind das Werk eines Schmugglers. Das ist ein Ehrentitel. Schmuggler schaffen verbotene Waren \u00fcber Grenzen, und seit dem 19. Jahrhundert kennen wir intellektuelle Schmuggler, die Zeichen und Ideen zwischen kulturellen Welten bewegen. Vollands Bilder setzen die Grenzverletzungen fort. Offen parteiische Kunst f\u00e4llt heute &hellip; <\/p>\n<p class=\"link-more\"><a href=\"https:\/\/ernstvolland.de\/\" class=\"more-link\"><span class=\"screen-reader-text\">\u201eDer Schmuggler\u201c<\/span> weiterlesen<\/a><\/p>\n","protected":false},"author":1,"featured_media":0,"parent":0,"menu_order":0,"comment_status":"closed","ping_status":"closed","template":"","meta":{"footnotes":""},"class_list":["post-46","page","type-page","status-publish","hentry"],"_links":{"self":[{"href":"https:\/\/ernstvolland.de\/index.php?rest_route=\/wp\/v2\/pages\/46","targetHints":{"allow":["GET"]}}],"collection":[{"href":"https:\/\/ernstvolland.de\/index.php?rest_route=\/wp\/v2\/pages"}],"about":[{"href":"https:\/\/ernstvolland.de\/index.php?rest_route=\/wp\/v2\/types\/page"}],"author":[{"embeddable":true,"href":"https:\/\/ernstvolland.de\/index.php?rest_route=\/wp\/v2\/users\/1"}],"replies":[{"embeddable":true,"href":"https:\/\/ernstvolland.de\/index.php?rest_route=%2Fwp%2Fv2%2Fcomments&post=46"}],"version-history":[{"count":3,"href":"https:\/\/ernstvolland.de\/index.php?rest_route=\/wp\/v2\/pages\/46\/revisions"}],"predecessor-version":[{"id":50,"href":"https:\/\/ernstvolland.de\/index.php?rest_route=\/wp\/v2\/pages\/46\/revisions\/50"}],"wp:attachment":[{"href":"https:\/\/ernstvolland.de\/index.php?rest_route=%2Fwp%2Fv2%2Fmedia&parent=46"}],"curies":[{"name":"wp","href":"https:\/\/api.w.org\/{rel}","templated":true}]}}