{"id":19,"date":"2023-03-07T09:31:36","date_gmt":"2023-03-07T09:31:36","guid":{"rendered":"https:\/\/ernstvolland.de\/?page_id=19"},"modified":"2024-12-03T20:23:17","modified_gmt":"2024-12-03T20:23:17","slug":"aktuelles","status":"publish","type":"page","link":"https:\/\/ernstvolland.de\/?page_id=19","title":{"rendered":"Aktuelles"},"content":{"rendered":"\n<p><br><\/p>\n\n\n\n<figure class=\"wp-block-image size-full\"><img loading=\"lazy\" decoding=\"async\" width=\"927\" height=\"156\" src=\"https:\/\/ernstvolland.de\/wp-content\/uploads\/2024\/12\/Screenshot-2024-12-03-211427.jpg\" alt=\"\" class=\"wp-image-575\" srcset=\"https:\/\/ernstvolland.de\/wp-content\/uploads\/2024\/12\/Screenshot-2024-12-03-211427.jpg 927w, https:\/\/ernstvolland.de\/wp-content\/uploads\/2024\/12\/Screenshot-2024-12-03-211427-300x50.jpg 300w, https:\/\/ernstvolland.de\/wp-content\/uploads\/2024\/12\/Screenshot-2024-12-03-211427-768x129.jpg 768w\" sizes=\"auto, (max-width: 706px) 89vw, (max-width: 767px) 82vw, 740px\" \/><\/figure>\n\n\n\n<p>Das Projekt \u201eWarum kennt ihr mich nicht. Frauen im Widerstand. Gestern, heute,\u201c<br>zeigt exemplarisch 100 Frauen, die im Widerstand in den letzten 100 Jahren ermordet worden sind. Der Widerstand bezieht sich nicht nur auf die Zeit des Nationalsozialismus und den Stalinismus, sondern international und aktuell bis in die j\u00fcngsten Jahre. So werden z. B. Frauen dargestellt, die bei Aktivit\u00e4ten gegen lokale Umweltzerst\u00f6rungen u. a. in S\u00fcdamerika get\u00f6tet wurden.<\/p>\n\n\n\n<figure class=\"wp-block-image size-full\"><img loading=\"lazy\" decoding=\"async\" width=\"928\" height=\"876\" src=\"https:\/\/ernstvolland.de\/wp-content\/uploads\/2024\/12\/Screenshot-2024-12-03-211012.jpg\" alt=\"\" class=\"wp-image-576\" srcset=\"https:\/\/ernstvolland.de\/wp-content\/uploads\/2024\/12\/Screenshot-2024-12-03-211012.jpg 928w, https:\/\/ernstvolland.de\/wp-content\/uploads\/2024\/12\/Screenshot-2024-12-03-211012-300x283.jpg 300w, https:\/\/ernstvolland.de\/wp-content\/uploads\/2024\/12\/Screenshot-2024-12-03-211012-768x725.jpg 768w\" sizes=\"auto, (max-width: 706px) 89vw, (max-width: 767px) 82vw, 740px\" \/><\/figure>\n\n\n\n<p>Die Portraits dieser Frauen haben jeweils das gleiche Format, die Biografe ist auf wenige Fakten reduziert. Ein roter Streifen mit gelber Schrift zieht sich \u00fcber jedes Portrait mit der Textzeile: Warum kennt ihr mich nicht?, entsprechend der unterschiedlichen Nationalit\u00e4ten in unterschiedlichen Sprachen.<\/p>\n\n\n\n<figure class=\"wp-block-image size-full\"><img loading=\"lazy\" decoding=\"async\" width=\"929\" height=\"890\" src=\"https:\/\/ernstvolland.de\/wp-content\/uploads\/2024\/12\/Screenshot-2024-12-03-211126.jpg\" alt=\"\" class=\"wp-image-577\" srcset=\"https:\/\/ernstvolland.de\/wp-content\/uploads\/2024\/12\/Screenshot-2024-12-03-211126.jpg 929w, https:\/\/ernstvolland.de\/wp-content\/uploads\/2024\/12\/Screenshot-2024-12-03-211126-300x287.jpg 300w, https:\/\/ernstvolland.de\/wp-content\/uploads\/2024\/12\/Screenshot-2024-12-03-211126-768x736.jpg 768w\" sizes=\"auto, (max-width: 706px) 89vw, (max-width: 767px) 82vw, 740px\" \/><\/figure>\n\n\n\n<p>Alle kennen Sophie Scholl. Wer kennt Emmy Zehden, Margarita Murillos oder Ilse<br>St\u00f6be? Die Dokumentation gibt den Frauen im Widerstand ein Gesicht.<br>Katalog in sieben Sprachen, Ausstellung, Website. Das Projekt ist offen. \u00dcber eine Website k\u00f6nnen weitere Biografen im Widerstand ermorderter Frauen hinzugef\u00fcgt werden.<\/p>\n\n\n\n<figure class=\"wp-block-image size-full\"><img loading=\"lazy\" decoding=\"async\" width=\"927\" height=\"891\" src=\"https:\/\/ernstvolland.de\/wp-content\/uploads\/2024\/12\/Screenshot-2024-12-03-211054.jpg\" alt=\"\" class=\"wp-image-578\" srcset=\"https:\/\/ernstvolland.de\/wp-content\/uploads\/2024\/12\/Screenshot-2024-12-03-211054.jpg 927w, https:\/\/ernstvolland.de\/wp-content\/uploads\/2024\/12\/Screenshot-2024-12-03-211054-300x288.jpg 300w, https:\/\/ernstvolland.de\/wp-content\/uploads\/2024\/12\/Screenshot-2024-12-03-211054-768x738.jpg 768w\" sizes=\"auto, (max-width: 706px) 89vw, (max-width: 767px) 82vw, 740px\" \/><\/figure>\n\n\n\n<p>An diesem Projekt arbeite ich inzwischen seit \u00fcber drei Jahren.<\/p>\n\n\n\n<p>Ich habe es bereits drei Mal bei Kulturf\u00f6rderungen professionell eingereicht.<br><strong>Jedes Mal bin ich abgelehnt worden.<\/strong><\/p>\n\n\n\n<figure class=\"wp-block-image size-full\"><img loading=\"lazy\" decoding=\"async\" width=\"929\" height=\"889\" src=\"https:\/\/ernstvolland.de\/wp-content\/uploads\/2024\/12\/Screenshot-2024-12-03-211153.jpg\" alt=\"\" class=\"wp-image-579\" srcset=\"https:\/\/ernstvolland.de\/wp-content\/uploads\/2024\/12\/Screenshot-2024-12-03-211153.jpg 929w, https:\/\/ernstvolland.de\/wp-content\/uploads\/2024\/12\/Screenshot-2024-12-03-211153-300x287.jpg 300w, https:\/\/ernstvolland.de\/wp-content\/uploads\/2024\/12\/Screenshot-2024-12-03-211153-768x735.jpg 768w\" sizes=\"auto, (max-width: 706px) 89vw, (max-width: 767px) 82vw, 740px\" \/><\/figure>\n\n\n\n<p>Daher habe ich mich jetzt entschlossen, das Projekt selbst zu stemmen, mit Freunden und Bekannten. Kein Crowdfunding. Jeder m\u00f6ge geben, was er mag, jeder Betrag ist wichtig.<br>Konto: Ernst Volland<br>IBAN: DE86 1005 00001160 1435 32<br>Kennwort: Widerstand Frauen<br>Alle Spender werden namentlich in der Ausstellung erw\u00e4hnt und erhalten einen Katalog<\/p>\n\n\n\n<figure class=\"wp-block-image size-full\"><img loading=\"lazy\" decoding=\"async\" width=\"929\" height=\"890\" src=\"https:\/\/ernstvolland.de\/wp-content\/uploads\/2024\/12\/Screenshot-2024-12-03-211224.jpg\" alt=\"\" class=\"wp-image-580\" srcset=\"https:\/\/ernstvolland.de\/wp-content\/uploads\/2024\/12\/Screenshot-2024-12-03-211224.jpg 929w, https:\/\/ernstvolland.de\/wp-content\/uploads\/2024\/12\/Screenshot-2024-12-03-211224-300x287.jpg 300w, https:\/\/ernstvolland.de\/wp-content\/uploads\/2024\/12\/Screenshot-2024-12-03-211224-768x736.jpg 768w\" sizes=\"auto, (max-width: 706px) 89vw, (max-width: 767px) 82vw, 740px\" \/><\/figure>\n\n\n\n<figure class=\"wp-block-image size-large\"><img loading=\"lazy\" decoding=\"async\" width=\"1024\" height=\"489\" src=\"https:\/\/ernstvolland.de\/wp-content\/uploads\/2024\/12\/Screenshot-2024-12-03-211309-1024x489.jpg\" alt=\"\" class=\"wp-image-582\" srcset=\"https:\/\/ernstvolland.de\/wp-content\/uploads\/2024\/12\/Screenshot-2024-12-03-211309-1024x489.jpg 1024w, https:\/\/ernstvolland.de\/wp-content\/uploads\/2024\/12\/Screenshot-2024-12-03-211309-300x143.jpg 300w, https:\/\/ernstvolland.de\/wp-content\/uploads\/2024\/12\/Screenshot-2024-12-03-211309-768x367.jpg 768w, https:\/\/ernstvolland.de\/wp-content\/uploads\/2024\/12\/Screenshot-2024-12-03-211309.jpg 1310w\" sizes=\"auto, (max-width: 706px) 89vw, (max-width: 767px) 82vw, 740px\" \/><\/figure>\n","protected":false},"excerpt":{"rendered":"<p>Das Projekt \u201eWarum kennt ihr mich nicht. Frauen im Widerstand. Gestern, heute,\u201czeigt exemplarisch 100 Frauen, die im Widerstand in den letzten 100 Jahren ermordet worden sind. Der Widerstand bezieht sich nicht nur auf die Zeit des Nationalsozialismus und den Stalinismus, sondern international und aktuell bis in die j\u00fcngsten Jahre. So werden z. B. Frauen dargestellt, &hellip; <\/p>\n<p class=\"link-more\"><a href=\"https:\/\/ernstvolland.de\/?page_id=19\" class=\"more-link\"><span class=\"screen-reader-text\">\u201eAktuelles\u201c<\/span> weiterlesen<\/a><\/p>\n","protected":false},"author":1,"featured_media":0,"parent":0,"menu_order":0,"comment_status":"closed","ping_status":"closed","template":"","meta":{"footnotes":""},"class_list":["post-19","page","type-page","status-publish","hentry"],"_links":{"self":[{"href":"https:\/\/ernstvolland.de\/index.php?rest_route=\/wp\/v2\/pages\/19","targetHints":{"allow":["GET"]}}],"collection":[{"href":"https:\/\/ernstvolland.de\/index.php?rest_route=\/wp\/v2\/pages"}],"about":[{"href":"https:\/\/ernstvolland.de\/index.php?rest_route=\/wp\/v2\/types\/page"}],"author":[{"embeddable":true,"href":"https:\/\/ernstvolland.de\/index.php?rest_route=\/wp\/v2\/users\/1"}],"replies":[{"embeddable":true,"href":"https:\/\/ernstvolland.de\/index.php?rest_route=%2Fwp%2Fv2%2Fcomments&post=19"}],"version-history":[{"count":9,"href":"https:\/\/ernstvolland.de\/index.php?rest_route=\/wp\/v2\/pages\/19\/revisions"}],"predecessor-version":[{"id":583,"href":"https:\/\/ernstvolland.de\/index.php?rest_route=\/wp\/v2\/pages\/19\/revisions\/583"}],"wp:attachment":[{"href":"https:\/\/ernstvolland.de\/index.php?rest_route=%2Fwp%2Fv2%2Fmedia&parent=19"}],"curies":[{"name":"wp","href":"https:\/\/api.w.org\/{rel}","templated":true}]}}